{"id":2306,"date":"2024-10-25T11:14:50","date_gmt":"2024-10-25T11:14:50","guid":{"rendered":"https:\/\/larena.online\/about-us\/"},"modified":"2025-07-08T23:19:58","modified_gmt":"2025-07-08T23:19:58","slug":"hakkimizda","status":"publish","type":"page","link":"https:\/\/larena.online\/tr\/hakkimizda\/","title":{"rendered":"Hakk\u0131m\u0131zda"},"content":{"rendered":"\t\t<div data-elementor-type=\"wp-page\" data-elementor-id=\"2306\" class=\"elementor elementor-2306 elementor-171\" data-elementor-post-type=\"page\">\n\t\t\t\t<div class=\"wd-negative-gap elementor-element elementor-element-e0982c1 wd-section-stretch color-scheme-light e-flex e-con-boxed e-con e-parent\" data-id=\"e0982c1\" data-element_type=\"container\" data-e-type=\"container\" data-settings=\"{&quot;background_background&quot;:&quot;classic&quot;}\">\n\t\t\t\t\t<div class=\"e-con-inner\">\n\t\t\t\t<div class=\"elementor-element elementor-element-ddf64ce wd-width-100 elementor-widget elementor-widget-wd_title\" data-id=\"ddf64ce\" data-element_type=\"widget\" data-e-type=\"widget\" data-widget_type=\"wd_title.default\">\n\t\t\t\t<div class=\"elementor-widget-container\">\n\t\t\t\t\t\t\t<div class=\"title-wrapper wd-set-mb reset-last-child wd-title-color-default wd-title-style-default wd-title-size-default text-left\">\n\n\t\t\t\n\t\t\t<div class=\"liner-continer\">\n\t\t\t\t<h4 class=\"woodmart-title-container title wd-fontsize-l\">Bir Parmak Dokunu\u015fuyla Tam Bir Kozmetik \u00dcr\u00fcn Yelpazesi.<br><br><br><br><\/h4> \n\t\t\t\t\t\t\t<\/div>\n\n\t\t\t\t\t<\/div>\n\t\t\t\t\t\t<\/div>\n\t\t\t\t<\/div>\n\t\t\t\t<div class=\"elementor-element elementor-element-31f1d95 elementor-widget elementor-widget-wd_text_block\" data-id=\"31f1d95\" data-element_type=\"widget\" data-e-type=\"widget\" data-widget_type=\"wd_text_block.default\">\n\t\t\t\t<div class=\"elementor-widget-container\">\n\t\t\t\t\t\t\t<div class=\"wd-text-block reset-last-child text-left\">\n\t\t\t\n\t\t\t<p data-start=\"203\" data-end=\"348\">Basitle\u015ftirilmi\u015f g\u00fczellik, \u00f6zenle teslim edilir. Larena'da, b\u00f6lgenin neresinde olursan\u0131z olun, y\u00fcksek kaliteli cilt bak\u0131m\u0131 ve kozmetik \u00fcr\u00fcnlerini kap\u0131n\u0131za getiriyoruz. <\/p>\n\t\t\t\t\t<\/div>\n\t\t\t\t\t\t<\/div>\n\t\t\t\t<\/div>\n\t\t\t\t<div class=\"elementor-element elementor-element-ba24215 wd-width-100 elementor-widget elementor-widget-wd_images_gallery\" data-id=\"ba24215\" data-element_type=\"widget\" data-e-type=\"widget\" data-widget_type=\"wd_images_gallery.default\">\n\t\t\t\t<div class=\"elementor-widget-container\">\n\t\t\t\t\t\t\t<div class=\"wd-images-gallery wd-carousel-container\" style=\"--wd-align-items:center; --wd-justify-content:center;\">\n\t\t\t\t\t\t\t<div class=\"wd-carousel-inner\">\n\t\t\t\t\t\t<div class=\"wd-carousel wd-grid\" data-scroll_per_page=\"yes\" style=\"--wd-col-lg:3.5;--wd-col-md:3;--wd-col-sm:1;--wd-gap-lg:20px;--wd-gap-sm:10px;--wd-carousel-overflow: visible\">\n\t\t\t\t\t\t\t\t\t<div class=\"wd-carousel-wrap\">\n\t\t\t\t\t\t\t\t\t\t\t\t\t\t\t\t\t\t<div class=\"wd-gallery-item wd-carousel-item\">\n\t\t\t\t\t\t\n\t\t\t\t\t\t<img loading=\"lazy\" decoding=\"async\" width=\"540\" height=\"280\" src=\"https:\/\/larena.online\/wp-content\/uploads\/2024\/10\/c2-glry-2-opt.jpg\" class=\"attachment-full size-full\" alt=\"c2-glry-2-opt\" srcset=\"https:\/\/larena.online\/wp-content\/uploads\/2024\/10\/c2-glry-2-opt.jpg 540w, https:\/\/larena.online\/wp-content\/uploads\/2024\/10\/c2-glry-2-opt-150x78.jpg 150w\" sizes=\"auto, (max-width: 540px) 100vw, 540px\" \/>\n\t\t\t\t\t\t\t\t\t\t\t<\/div>\n\t\t\t\t\t\t\t\t\t\t\t\t\t\t\t<div class=\"wd-gallery-item wd-carousel-item\">\n\t\t\t\t\t\t\n\t\t\t\t\t\t<img loading=\"lazy\" decoding=\"async\" width=\"540\" height=\"280\" src=\"https:\/\/larena.online\/wp-content\/uploads\/2024\/10\/c2-glry-1-opt.jpg\" class=\"attachment-full size-full\" alt=\"c2-glry-1-opt\" srcset=\"https:\/\/larena.online\/wp-content\/uploads\/2024\/10\/c2-glry-1-opt.jpg 540w, https:\/\/larena.online\/wp-content\/uploads\/2024\/10\/c2-glry-1-opt-150x78.jpg 150w\" sizes=\"auto, (max-width: 540px) 100vw, 540px\" \/>\n\t\t\t\t\t\t\t\t\t\t\t<\/div>\n\t\t\t\t\t\t\t\t\t\t\t\t\t\t\t<div class=\"wd-gallery-item wd-carousel-item\">\n\t\t\t\t\t\t\n\t\t\t\t\t\t<img loading=\"lazy\" decoding=\"async\" width=\"540\" height=\"280\" src=\"https:\/\/larena.online\/wp-content\/uploads\/2024\/10\/c2-glry-2-opt.jpg\" class=\"attachment-full size-full\" alt=\"c2-glry-2-opt\" srcset=\"https:\/\/larena.online\/wp-content\/uploads\/2024\/10\/c2-glry-2-opt.jpg 540w, https:\/\/larena.online\/wp-content\/uploads\/2024\/10\/c2-glry-2-opt-150x78.jpg 150w\" sizes=\"auto, (max-width: 540px) 100vw, 540px\" \/>\n\t\t\t\t\t\t\t\t\t\t\t<\/div>\n\t\t\t\t\t\t\t\t\t\t\t\t\t\t\t\t<\/div>\n\t\t\t\t\t\t\t\t<\/div>\n\t\t\t\t\t\t\t\t\t\t\t\t\t\t<div class=\"wd-nav-arrows wd-pos-sep wd-hover-1 wd-icon-1\">\n\t\t\t<div class=\"wd-btn-arrow wd-prev wd-disabled\">\n\t\t\t\t<div class=\"wd-arrow-inner\"><\/div>\n\t\t\t<\/div>\n\t\t\t<div class=\"wd-btn-arrow wd-next\">\n\t\t\t\t<div class=\"wd-arrow-inner\"><\/div>\n\t\t\t<\/div>\n\t\t<\/div>\n\t\t\t\t\t\t\n\t\t\t\t<\/div>\n\n\t\t\t\t\t\t\t\t\t\t\t\t\t<\/div>\n\t\t\t\t\t\t<\/div>\n\t\t\t\t<\/div>\n\t\t\t\t\t<\/div>\n\t\t\t\t<\/div>\n\t\t<div class=\"wd-negative-gap elementor-element elementor-element-2a484a6 e-flex e-con-boxed e-con e-parent\" data-id=\"2a484a6\" data-element_type=\"container\" data-e-type=\"container\">\n\t\t\t\t\t<div class=\"e-con-inner\">\n\t\t<div class=\"elementor-element elementor-element-3f43773 e-con-full color-scheme-light e-flex e-con e-child\" data-id=\"3f43773\" data-element_type=\"container\" data-e-type=\"container\" data-settings=\"{&quot;background_background&quot;:&quot;classic&quot;}\">\n\t\t\t\t<div class=\"elementor-element elementor-element-058753b wd-width-100 elementor-widget elementor-widget-wd_title\" data-id=\"058753b\" data-element_type=\"widget\" data-e-type=\"widget\" data-widget_type=\"wd_title.default\">\n\t\t\t\t<div class=\"elementor-widget-container\">\n\t\t\t\t\t\t\t<div class=\"title-wrapper wd-set-mb reset-last-child wd-title-color-default wd-title-style-default wd-title-size-default text-center\">\n\n\t\t\t\t\t\t\t\t\t\t\t<div class=\"title-subtitle subtitle-color-default subtitle-style-default wd-fontsize-xs\">\n\t\t\t\t\tKozmetik koleksiyonlar\u0131<br><br><br><br>\t\t\t\t<\/div>\n\t\t\t\n\t\t\t<div class=\"liner-continer\">\n\t\t\t\t<h4 class=\"woodmart-title-container title wd-fontsize-l\">\u0130\u015fletmemize Nas\u0131l Ba\u015fl\u0131yoruz<br><br><br><br><\/h4> \n\t\t\t\t\t\t\t<\/div>\n\n\t\t\t\t\t<\/div>\n\t\t\t\t\t\t<\/div>\n\t\t\t\t<\/div>\n\t\t\t\t<div class=\"elementor-element elementor-element-5806cc5 wd-width-100 elementor-widget elementor-widget-wd_video\" data-id=\"5806cc5\" data-element_type=\"widget\" data-e-type=\"widget\" data-widget_type=\"wd_video.default\">\n\t\t\t\t<div class=\"elementor-widget-container\">\n\t\t\t\t\t\n\t\t<div class=\"wd-el-video wd-action-play wd-video-youtube text-center\">\n\t\t\t\n\t\t\t\n\t\t\t\t\t\t\t<a href=\"https:\/\/www.youtube.com\/watch?v=XHOmBV4js_E\" class=\"wd-el-video-btn\" aria-label=\"Play video\" target=\"_blank\" rel=\"noopener\">\n\t\t\t\t\t<span class=\"wd-el-video-play-btn\"><\/span>\n\t\t\t\t\t\t\t\t\t<\/a>\n\t\t\t\n\t\t\t\t\t<\/div>\n\t\t\t\t\t\t<\/div>\n\t\t\t\t<\/div>\n\t\t\t\t<\/div>\n\t\t<div class=\"elementor-element elementor-element-24ea206 e-con-full color-scheme-light e-flex e-con e-child\" data-id=\"24ea206\" data-element_type=\"container\" data-e-type=\"container\" data-settings=\"{&quot;background_background&quot;:&quot;classic&quot;}\">\n\t\t<div class=\"elementor-element elementor-element-7fc94d0 e-con-full e-flex e-con e-child\" data-id=\"7fc94d0\" data-element_type=\"container\" data-e-type=\"container\">\n\t\t\t\t<div class=\"elementor-element elementor-element-1aa9f8f wd-width-100 elementor-widget elementor-widget-wd_title\" data-id=\"1aa9f8f\" data-element_type=\"widget\" data-e-type=\"widget\" data-widget_type=\"wd_title.default\">\n\t\t\t\t<div class=\"elementor-widget-container\">\n\t\t\t\t\t\t\t<div class=\"title-wrapper wd-set-mb reset-last-child wd-title-color-default wd-title-style-default wd-title-size-default text-left\">\n\n\t\t\t\n\t\t\t<div class=\"liner-continer\">\n\t\t\t\t<h4 class=\"woodmart-title-container title wd-fontsize-l\">Kul\u00fcb\u00fcm\u00fcze \u00dcye Olun<br><br><br><br><\/h4> \n\t\t\t\t\t\t\t<\/div>\n\n\t\t\t\t\t<\/div>\n\t\t\t\t\t\t<\/div>\n\t\t\t\t<\/div>\n\t\t\t\t<div class=\"elementor-element elementor-element-5963db3 elementor-widget elementor-widget-wd_text_block\" data-id=\"5963db3\" data-element_type=\"widget\" data-e-type=\"widget\" data-widget_type=\"wd_text_block.default\">\n\t\t\t\t<div class=\"elementor-widget-container\">\n\t\t\t\t\t\t\t<div class=\"wd-text-block reset-last-child text-left\">\n\t\t\t\n\t\t\t<p>Yapt\u0131\u011f\u0131n\u0131z her al\u0131\u015fveri\u015fte Woodmart Club hesab\u0131n\u0131za geri \u00f6deme ve ek avantajlar kazanacaks\u0131n\u0131z.<br><br><br><br><\/p>\n\t\t\t\t\t<\/div>\n\t\t\t\t\t\t<\/div>\n\t\t\t\t<\/div>\n\t\t\t\t<div class=\"elementor-element elementor-element-adc97ee elementor-widget elementor-widget-wd_text_block\" data-id=\"adc97ee\" data-element_type=\"widget\" data-e-type=\"widget\" data-widget_type=\"wd_text_block.default\">\n\t\t\t\t<div class=\"elementor-widget-container\">\n\t\t\t\t\t\t\t<div class=\"wd-text-block reset-last-child text-left\">\n\t\t\t\n\t\t\t<p><a href=\"#\">Gizlilik Politikam\u0131za<\/a> uygun olarak kullan\u0131lacakt\u0131r<br><br><br><br><\/p>\n\t\t\t\t\t<\/div>\n\t\t\t\t\t\t<\/div>\n\t\t\t\t<\/div>\n\t\t\t\t<\/div>\n\t\t\t\t<div class=\"elementor-element elementor-element-d79ce9b elementor-widget__width-initial elementor-widget-mobile__width-inherit elementor-widget elementor-widget-wd_image_or_svg\" data-id=\"d79ce9b\" data-element_type=\"widget\" data-e-type=\"widget\" data-widget_type=\"wd_image_or_svg.default\">\n\t\t\t\t<div class=\"elementor-widget-container\">\n\t\t\t\t\t\n\t\t<div class=\"wd-image text-left\">\n\t\t\t\t\t\t\t\t<img loading=\"lazy\" decoding=\"async\" width=\"320\" height=\"340\" src=\"https:\/\/larena.online\/wp-content\/uploads\/2024\/10\/c2-abus-memb-club.jpg\" class=\"attachment-full size-full\" alt=\"\" srcset=\"https:\/\/larena.online\/wp-content\/uploads\/2024\/10\/c2-abus-memb-club.jpg 320w, https:\/\/larena.online\/wp-content\/uploads\/2024\/10\/c2-abus-memb-club-150x159.jpg 150w\" sizes=\"auto, (max-width: 320px) 100vw, 320px\" \/>\t\t\t\t\t<\/div>\n\n\t\t\t\t\t\t<\/div>\n\t\t\t\t<\/div>\n\t\t\t\t<\/div>\n\t\t\t\t\t<\/div>\n\t\t\t\t<\/div>\n\t\t<div class=\"wd-negative-gap elementor-element elementor-element-2bf9e11 wd-collapsible-content e-flex e-con-boxed e-con e-parent\" data-id=\"2bf9e11\" data-element_type=\"container\" data-e-type=\"container\">\n\t\t\t\t\t<div class=\"e-con-inner\">\n\t\t\t\t<div class=\"elementor-element elementor-element-5472f22 wd-width-100 elementor-widget elementor-widget-wd_title\" data-id=\"5472f22\" data-element_type=\"widget\" data-e-type=\"widget\" data-widget_type=\"wd_title.default\">\n\t\t\t\t<div class=\"elementor-widget-container\">\n\t\t\t\t\t\t\t<div class=\"title-wrapper wd-set-mb reset-last-child wd-title-color-default wd-title-style-default wd-title-size-default text-left\">\n\n\t\t\t\n\t\t\t<div class=\"liner-continer\">\n\t\t\t\t<h4 class=\"woodmart-title-container title wd-fontsize-l\">Hakk\u0131m\u0131zda<\/h4> \n\t\t\t\t\t\t\t<\/div>\n\n\t\t\t\t\t<\/div>\n\t\t\t\t\t\t<\/div>\n\t\t\t\t<\/div>\n\t\t\t\t<div class=\"elementor-element elementor-element-5dcf304 elementor-widget elementor-widget-wd_text_block\" data-id=\"5dcf304\" data-element_type=\"widget\" data-e-type=\"widget\" data-widget_type=\"wd_text_block.default\">\n\t\t\t\t<div class=\"elementor-widget-container\">\n\t\t\t\t\t\t\t<div class=\"wd-text-block reset-last-child text-left\">\n\t\t\t\n\t\t\t<p data-start=\"106\" data-end=\"419\">Larena'da g\u00fczellik, g\u00f6r\u00fcn\u00fcm\u00fcn \u00f6tesine ge\u00e7er; g\u00fcnl\u00fck bir \u00f6z bak\u0131m, \u00f6zg\u00fcven ve kendini ifade etme rit\u00fcelidir. Birle\u015fik Arap Emirlikleri'nin kalbinde kurulan \u00e7evrimi\u00e7i ma\u011fazam\u0131z basit bir fikirle ba\u015flad\u0131: B\u00f6lgedeki her yerde herkese y\u00fcksek kaliteli cilt bak\u0131m\u0131, sa\u00e7 bak\u0131m\u0131 ve g\u00fczellik \u00fcr\u00fcnleri sunmak. <\/p><p data-start=\"421\" data-end=\"789\">Orta Do\u011fu, Kuzey Afrika ve T\u00fcrkiye'deki b\u00fcy\u00fcyen g\u00fczellik tutkunlar\u0131 toplulu\u011funa hizmet vermekten gurur duyuyoruz ve onlara d\u00fcnyan\u0131n d\u00f6rt bir yan\u0131ndan \u00f6zenle se\u00e7ilmi\u015f g\u00fcvenilir \u00fcr\u00fcnler sunuyoruz. Besleyici serumlardan ve nazik temizleyicilerden cesur makyaj \u00fcr\u00fcnlerine ve temel v\u00fccut bak\u0131m \u00fcr\u00fcnlerine kadar her \u00fcr\u00fcn b\u00fcy\u00fck bir \u00f6zenle se\u00e7iliyor; ger\u00e7ek rutinleri olan ger\u00e7ek insanlar i\u00e7in. <\/p><p data-start=\"791\" data-end=\"1135\">Bizi farkl\u0131 k\u0131lan \u015fey ki\u015fiselle\u015ftirme, sadelik ve ola\u011fan\u00fcst\u00fc hizmete olan tutkumuzdur. Larena'da, h\u0131zl\u0131 ve g\u00fcvenli teslimat ve g\u00fczellik ihtiya\u00e7lar\u0131n\u0131z\u0131 ger\u00e7ekten anlayan bir ekiple Arap\u00e7a, T\u00fcrk\u00e7e ve \u0130ngilizce olarak kusursuz bir al\u0131\u015fveri\u015f deneyimi bulacaks\u0131n\u0131z. I\u015f\u0131lt\u0131l\u0131 bir cildin ve sa\u011fl\u0131kl\u0131 sa\u00e7lar\u0131n l\u00fcks de\u011fil, sizin hakk\u0131n\u0131z oldu\u011funa inan\u0131yoruz.  <\/p><p data-start=\"1137\" data-end=\"1328\">Cilt bak\u0131m yolculu\u011funuza yeni ba\u015fl\u0131yor veya g\u00fczellik rutininizi m\u00fckemmelle\u015ftiriyor olun, Larena kalite, g\u00fcven ve \u00f6zenle sizi desteklemek i\u00e7in burada; \u00e7\u00fcnk\u00fc her g\u00fcn \u0131\u015f\u0131lt\u0131l\u0131 hissetmeyi hak ediyorsunuz.<\/p><h3 data-start=\"568\" data-end=\"588\"><strong>Misyonumuz<br><br><br><br><\/strong><\/h3><p data-start=\"1356\" data-end=\"1641\">Larena'da misyonumuz, her m\u00fc\u015fterinin benzersiz ihtiya\u00e7lar\u0131n\u0131 kar\u015f\u0131layan g\u00fcvenilir, g\u00fcvenli ve etkili g\u00fczellik \u00fcr\u00fcnlerine eri\u015fmesini sa\u011flamakt\u0131r. Ki\u015fisel bak\u0131m\u0131n sadece bir rutin de\u011fil, ayn\u0131 zamanda \u00f6zg\u00fcveni art\u0131ran ve her bireyin g\u00fczelli\u011fini kendi tarz\u0131nda ifade eden g\u00fcnl\u00fck bir rit\u00fcel oldu\u011funa inan\u0131yoruz. <\/p><p data-start=\"1643\" data-end=\"1933\">Bu nedenle, \u00fcr\u00fcnlerimizi her cilt ve sa\u00e7 tipine uygun olacak \u015fekilde \u00f6zenle se\u00e7iyoruz ve kalite, yenilik ve g\u00fcvenli\u011fe odaklan\u0131yoruz. M\u00fckemmel m\u00fc\u015fteri hizmetleri, g\u00fcvenli \u00f6deme se\u00e7enekleri ve g\u00fcvenilir teslimatla desteklenen \u00e7ok dilli platformumuz arac\u0131l\u0131\u011f\u0131yla al\u0131\u015fveri\u015fi kolay ve keyifli hale getirmeye \u00e7al\u0131\u015f\u0131yoruz. <\/p><p data-start=\"1935\" data-end=\"2088\">Larena'da g\u00fczelli\u011fin i\u00e7ten ba\u015flad\u0131\u011f\u0131na inan\u0131yoruz ve kendinize bak\u0131m yolculu\u011funuzda size e\u015flik ederek her g\u00fcn \u00f6zg\u00fcvenle parlaman\u0131za yard\u0131mc\u0131 olmak i\u00e7in buraday\u0131z.<\/p>\n\t\t\t\t\t<\/div>\n\t\t\t\t\t\t<\/div>\n\t\t\t\t<\/div>\n\t\t\t\t<div class=\"elementor-element elementor-element-c051139 elementor-widget elementor-widget-wd_button\" data-id=\"c051139\" data-element_type=\"widget\" data-e-type=\"widget\" data-widget_type=\"wd_button.default\">\n\t\t\t\t<div class=\"elementor-widget-container\">\n\t\t\t\t\t\t\t<div class=\"wd-button-wrapper text-left wd-collapsible-button\" >\n\t\t\t<a class=\"btn btn-style-default btn-shape-round btn-size-default btn-color-white btn-icon-pos-right\"  href=\"#\">\n\t\t\t\t<span class=\"wd-btn-text\" data-elementor-setting-key=\"text\">\n\t\t\t\t\tDevam\u0131n\u0131 oku\t\t\t\t<\/span>\n\n\t\t\t\t\t\t\t\t\t<span class=\"wd-btn-icon\">\n\t\t\t\t\t\t<img decoding=\"async\"  src=\"https:\/\/larena.online\/wp-content\/uploads\/2024\/10\/chevron-down-black.svg\" title=\"chevron-down-black\" loading=\"lazy\" width=\"15\" height=\"15\">\t\t\t\t\t<\/span>\n\t\t\t\t\t\t\t<\/a>\n\t\t<\/div>\n\t\t\t\t\t\t<\/div>\n\t\t\t\t<\/div>\n\t\t\t\t\t<\/div>\n\t\t\t\t<\/div>\n\t\t\t\t<\/div>\n\t\t","protected":false},"excerpt":{"rendered":"<p>Bir Parmak Dokunu\u015fuyla Tam Bir Kozmetik \u00dcr\u00fcn Yelpazesi. Basitle\u015ftirilmi\u015f g\u00fczellik, \u00f6zenle teslim edilir. Larena&#8217;da, b\u00f6lgenin neresinde olursan\u0131z olun, y\u00fcksek kaliteli<\/p>\n","protected":false},"author":1,"featured_media":0,"parent":0,"menu_order":0,"comment_status":"closed","ping_status":"closed","template":"","meta":{"footnotes":""},"class_list":["post-2306","page","type-page","status-publish","hentry"],"ams_acf":[],"_links":{"self":[{"href":"https:\/\/larena.online\/tr\/wp-json\/wp\/v2\/pages\/2306","targetHints":{"allow":["GET"]}}],"collection":[{"href":"https:\/\/larena.online\/tr\/wp-json\/wp\/v2\/pages"}],"about":[{"href":"https:\/\/larena.online\/tr\/wp-json\/wp\/v2\/types\/page"}],"author":[{"embeddable":true,"href":"https:\/\/larena.online\/tr\/wp-json\/wp\/v2\/users\/1"}],"replies":[{"embeddable":true,"href":"https:\/\/larena.online\/tr\/wp-json\/wp\/v2\/comments?post=2306"}],"version-history":[{"count":23,"href":"https:\/\/larena.online\/tr\/wp-json\/wp\/v2\/pages\/2306\/revisions"}],"predecessor-version":[{"id":3022,"href":"https:\/\/larena.online\/tr\/wp-json\/wp\/v2\/pages\/2306\/revisions\/3022"}],"wp:attachment":[{"href":"https:\/\/larena.online\/tr\/wp-json\/wp\/v2\/media?parent=2306"}],"curies":[{"name":"wp","href":"https:\/\/api.w.org\/{rel}","templated":true}]}}