{"id":2613,"date":"2025-07-01T14:04:17","date_gmt":"2025-07-01T14:04:17","guid":{"rendered":"https:\/\/larena.online\/terms-and-conditions\/"},"modified":"2025-07-01T15:39:57","modified_gmt":"2025-07-01T15:39:57","slug":"terms-and-conditions","status":"publish","type":"page","link":"https:\/\/larena.online\/tr\/terms-and-conditions\/","title":{"rendered":"\u015eartlar ve ko\u015fullar"},"content":{"rendered":"\t\t<div data-elementor-type=\"wp-page\" data-elementor-id=\"2613\" class=\"elementor elementor-2613 elementor-2595\" data-elementor-post-type=\"page\">\n\t\t\t\t<div class=\"wd-negative-gap elementor-element elementor-element-48e7ea5 e-flex e-con-boxed e-con e-parent\" data-id=\"48e7ea5\" data-element_type=\"container\" data-e-type=\"container\">\n\t\t\t\t\t<div class=\"e-con-inner\">\n\t\t\t\t<div class=\"elementor-element elementor-element-0d0567b elementor-widget elementor-widget-wd_text_block\" data-id=\"0d0567b\" data-element_type=\"widget\" data-e-type=\"widget\" data-widget_type=\"wd_text_block.default\">\n\t\t\t\t<div class=\"elementor-widget-container\">\n\t\t\t\t\t\t\t<div class=\"wd-text-block reset-last-child text-left\">\n\t\t\t\n\t\t\t<p>Y\u00fcr\u00fcrl\u00fck Tarihi: 01\/07\/2025<br>Yarg\u0131 Yetkisi: Birle\u015fik Arap Emirlikleri<\/p><p>Larena'ya ho\u015f geldiniz! Bu \u015eartlar ve Ko\u015fullar, Birle\u015fik Arap Emirlikleri (BAE) yasalar\u0131na uygun olarak Larena Trading LLC taraf\u0131ndan i\u015fletilen web sitemizi ve ma\u011fazam\u0131z\u0131 kullan\u0131m\u0131n\u0131z\u0131 d\u00fczenler. <\/p><p>Web sitemize eri\u015ferek veya web sitemizi kullanarak a\u015fa\u011f\u0131daki \u015fartlar\u0131 kabul etmi\u015f olursunuz:<\/p><p>1. \u015eirket Bilgileri<br>\u0130\u015fletme Ad\u0131: Larena Trading LLC<br>Ticari Lisans No.: 1276212<br>Web Sitesi: www.larena.online<br>E-posta: info@larena.llc<\/p><p>2. Uygunluk<br>En az 18 ya\u015f\u0131nda olman\u0131z veya siteyi ebeveyn g\u00f6zetiminde kullanman\u0131z gerekir. Ayr\u0131ca, BAE yasalar\u0131na g\u00f6re ba\u011flay\u0131c\u0131 s\u00f6zle\u015fmeler yapma yasal yeterlili\u011fine sahip olman\u0131z gerekir. <\/p><p>3. \u00dcr\u00fcnler ve Bulunabilirlik<br>\u00dcr\u00fcn a\u00e7\u0131klamalar\u0131, fiyatlar ve bulunabilirlik \u00f6nceden haber verilmeksizin de\u011fi\u015ftirilebilir.<\/p><p>M\u00fc\u015fterinin konumuna veya ayarlar\u0131na ba\u011fl\u0131 olarak fiyatlar AED (Birle\u015fik Arap Emirlikleri Dirhemi) veya USD (ABD Dolar\u0131) cinsinden g\u00f6sterilebilir.<\/p><p>T\u00fcm Fiyatlara, BAE vergi se\u00e7eneklerine uygun olarak, ge\u00e7erli olup KDV dahildir.<\/p><p>4. Sipari\u015fler ve \u00d6deme<br>Sipari\u015fler do\u011fru bilgilerle verilmelidir.<\/p><p>\u00d6demelerinizi BAE taraf\u0131ndan onaylanm\u0131\u015f g\u00fcvenli \u00f6deme a\u011f ge\u00e7itleri arac\u0131l\u0131\u011f\u0131yla kabul ediyoruz.<\/p><p>\u00d6deme sonras\u0131nda sipari\u015f onay\u0131 ve dijital fatura g\u00f6nderilecektir.<\/p><p>5. Kargolama ve Teslimat<br>BAE genelinde ve se\u00e7ilmi\u015f uluslararas\u0131 destinasyonlara teslimat yap\u0131yoruz.<\/p><p>Teslimat \u00fccretleri ve s\u00fcreleri \u00f6deme s\u0131ras\u0131nda g\u00f6sterilmektedir.<\/p><p>Kurye veya g\u00fcmr\u00fckten kaynaklanan gecikmelerden sorumlu de\u011filiz.<\/p><p>Teslimat sorunlar\u0131 i\u00e7in l\u00fctfen 48 saat i\u00e7erisinde bizimle ileti\u015fime ge\u00e7in.<\/p><p>6. \u0130ade, De\u011fi\u015fim ve Geri \u00d6demeler<br>\u00dcr\u00fcnler kullan\u0131lmam\u0131\u015f ve orijinal ambalaj\u0131ndaysa teslimattan itibaren 7 g\u00fcn i\u00e7inde iade kabul edilir.<\/p><p>\u0130adeler 10 i\u015f g\u00fcn\u00fc i\u00e7erisinde i\u015fleme al\u0131n\u0131r.<\/p><p>\u0130ade kargo masraflar\u0131, \u00fcr\u00fcn hatal\u0131 veya ar\u0131zal\u0131 olmad\u0131\u011f\u0131 s\u00fcrece m\u00fc\u015fteriye aittir.<\/p><p>Hijyenik sebeplerden dolay\u0131 ambalaj\u0131 a\u00e7\u0131lm\u0131\u015f ki\u015fisel bak\u0131m\/kozmetik \u00fcr\u00fcnleri iade edilemez.<\/p><p>7. Hesap Sorumlulu\u011fu<br>Oturum a\u00e7ma bilgilerinizi korumaktan siz sorumlusunuz.<\/p><p>\u015eartlar\u0131m\u0131z\u0131 veya BAE siber yasalar\u0131n\u0131 ihlal eden hesaplar\u0131 ask\u0131ya alabiliriz.<\/p><p>8. Veri Gizlili\u011fi<br>BAE Ki\u015fisel Verilerin Korunmas\u0131 Kanunu'na (PDPL) uyuyoruz.<br>Yasa gerektirmedi\u011fi s\u00fcrece ki\u015fisel bilgileri payla\u015fm\u0131yoruz.<br>Ayr\u0131nt\u0131lar i\u00e7in Gizlilik Politikam\u0131za bak\u0131n.<\/p><p>9. Sorumlulu\u011fun S\u0131n\u0131rland\u0131r\u0131lmas\u0131<br>Dolayl\u0131 veya sonu\u00e7sal hasarlardan sorumlu de\u011filiz.<br>Maksimum sorumlulu\u011fumuz sat\u0131n al\u0131nan \u00fcr\u00fcn\u00fcn de\u011feriyle s\u0131n\u0131rl\u0131d\u0131r.<\/p><p>10. Y\u00fcr\u00fcrl\u00fckteki Kanun<br>Bu \u015eartlar BAE yasalar\u0131na tabidir.<br>Aksi kararla\u015ft\u0131r\u0131lmad\u0131\u011f\u0131 takdirde anla\u015fmazl\u0131klar Dubai mahkemelerinde \u00e7\u00f6z\u00fclecektir.<\/p><p>11. G\u00fcncellemeler<br>Bu \u015fartlar\u0131 herhangi bir zamanda de\u011fi\u015ftirme hakk\u0131n\u0131 sakl\u0131 tutuyoruz. Kullan\u0131ma devam edilmesi, de\u011fi\u015fikliklerin kabul edildi\u011fini g\u00f6sterir. <\/p><p>12. \u0130leti\u015fim<br>+971504088565<br>E-posta: info@larena.online<br>Web sitesi: www.larena.online<\/p>\n\t\t\t\t\t<\/div>\n\t\t\t\t\t\t<\/div>\n\t\t\t\t<\/div>\n\t\t\t\t\t<\/div>\n\t\t\t\t<\/div>\n\t\t\t\t<\/div>\n\t\t","protected":false},"excerpt":{"rendered":"<p>Y\u00fcr\u00fcrl\u00fck Tarihi: 01\/07\/2025Yarg\u0131 Yetkisi: Birle\u015fik Arap Emirlikleri Larena&#8217;ya ho\u015f geldiniz! Bu \u015eartlar ve Ko\u015fullar, Birle\u015fik Arap Emirlikleri (BAE) yasalar\u0131na uygun<\/p>\n","protected":false},"author":1,"featured_media":0,"parent":0,"menu_order":0,"comment_status":"closed","ping_status":"closed","template":"","meta":{"footnotes":""},"class_list":["post-2613","page","type-page","status-publish","hentry"],"ams_acf":[],"_links":{"self":[{"href":"https:\/\/larena.online\/tr\/wp-json\/wp\/v2\/pages\/2613","targetHints":{"allow":["GET"]}}],"collection":[{"href":"https:\/\/larena.online\/tr\/wp-json\/wp\/v2\/pages"}],"about":[{"href":"https:\/\/larena.online\/tr\/wp-json\/wp\/v2\/types\/page"}],"author":[{"embeddable":true,"href":"https:\/\/larena.online\/tr\/wp-json\/wp\/v2\/users\/1"}],"replies":[{"embeddable":true,"href":"https:\/\/larena.online\/tr\/wp-json\/wp\/v2\/comments?post=2613"}],"version-history":[{"count":3,"href":"https:\/\/larena.online\/tr\/wp-json\/wp\/v2\/pages\/2613\/revisions"}],"predecessor-version":[{"id":2624,"href":"https:\/\/larena.online\/tr\/wp-json\/wp\/v2\/pages\/2613\/revisions\/2624"}],"wp:attachment":[{"href":"https:\/\/larena.online\/tr\/wp-json\/wp\/v2\/media?parent=2613"}],"curies":[{"name":"wp","href":"https:\/\/api.w.org\/{rel}","templated":true}]}}