{"id":2379,"date":"2025-06-20T13:59:38","date_gmt":"2025-06-20T13:59:38","guid":{"rendered":"https:\/\/larena.online\/product\/hyaluronic-acid-serum\/"},"modified":"2025-07-02T04:30:53","modified_gmt":"2025-07-02T04:30:53","slug":"hyaluronik-asit-serumu","status":"publish","type":"product","link":"https:\/\/larena.online\/tr\/urun\/hyaluronik-asit-serumu\/","title":{"rendered":"Hyaluronik Asit Serumu"},"content":{"rendered":"<pre id=\"tw-target-text\" class=\"tw-data-text tw-text-large tw-ta\" dir=\"ltr\" data-placeholder=\"Translation\" data-ved=\"2ahUKEwiUvoaT0_-NAxU1cfEDHYLwBwoQ3ewLegQICRAV\" aria-label=\"Translated text: Dr. Ghosh Face Serum with Hyaluronic Acid Deep, long-lasting hydration! Hyaluronic acid serum deeply hydrates the skin, plumping it and increasing its elasticity, leaving it soft and radiant all day long.\">Dr. Ghosh Hyaluronik Asitli Y\u00fcz Serumu\r\nDerin, uzun s\u00fcreli nemlendirme!\r\nHyaluronik asit serumu cildi derinlemesine nemlendirir, dolgunla\u015ft\u0131r\u0131r ve elastikiyetini art\u0131r\u0131r, t\u00fcm g\u00fcn boyunca yumu\u015fak ve parlak b\u0131rak\u0131r.<\/pre>\n","protected":false},"excerpt":{"rendered":"<p><span class=\"Y2IQFc\" lang=\"en\">Hyaluronik asit serumu cildi derinlemesine nemlendirir, dolgunla\u015ft\u0131r\u0131r ve elastikiyetini art\u0131r\u0131r, g\u00fcn boyu yumu\u015fak ve parlak kalmas\u0131n\u0131 sa\u011flar.<\/span><\/p>\n<p>&nbsp;<\/p>\n","protected":false},"featured_media":2380,"comment_status":"open","ping_status":"closed","template":"","meta":[],"product_brand":[],"product_cat":[93,94],"product_tag":[],"class_list":{"0":"post-2379","1":"product","2":"type-product","3":"status-publish","4":"has-post-thumbnail","6":"product_cat-serumlar","7":"product_cat-yuz-bakimi","9":"first","10":"instock","11":"sale","12":"shipping-taxable","13":"purchasable","14":"product-type-simple"},"ams_default_variation_id":0,"ams_product_points_reward":[],"ams_product_discount_percentage":5.88,"ams_price_to_display":32,"ams_acf":[],"_links":{"self":[{"href":"https:\/\/larena.online\/tr\/wp-json\/wp\/v2\/product\/2379","targetHints":{"allow":["GET"]}}],"collection":[{"href":"https:\/\/larena.online\/tr\/wp-json\/wp\/v2\/product"}],"about":[{"href":"https:\/\/larena.online\/tr\/wp-json\/wp\/v2\/types\/product"}],"replies":[{"embeddable":true,"href":"https:\/\/larena.online\/tr\/wp-json\/wp\/v2\/comments?post=2379"}],"version-history":[{"count":3,"href":"https:\/\/larena.online\/tr\/wp-json\/wp\/v2\/product\/2379\/revisions"}],"predecessor-version":[{"id":2790,"href":"https:\/\/larena.online\/tr\/wp-json\/wp\/v2\/product\/2379\/revisions\/2790"}],"wp:featuredmedia":[{"embeddable":true,"href":"https:\/\/larena.online\/tr\/wp-json\/wp\/v2\/media\/2380"}],"wp:attachment":[{"href":"https:\/\/larena.online\/tr\/wp-json\/wp\/v2\/media?parent=2379"}],"wp:term":[{"taxonomy":"product_brand","embeddable":true,"href":"https:\/\/larena.online\/tr\/wp-json\/wp\/v2\/product_brand?post=2379"},{"taxonomy":"product_cat","embeddable":true,"href":"https:\/\/larena.online\/tr\/wp-json\/wp\/v2\/product_cat?post=2379"},{"taxonomy":"product_tag","embeddable":true,"href":"https:\/\/larena.online\/tr\/wp-json\/wp\/v2\/product_tag?post=2379"}],"curies":[{"name":"wp","href":"https:\/\/api.w.org\/{rel}","templated":true}]}}