{"id":2756,"date":"2025-07-01T21:20:22","date_gmt":"2025-07-01T21:20:22","guid":{"rendered":"https:\/\/larena.online\/product\/retinol-face-serum-2\/"},"modified":"2025-07-02T17:33:36","modified_gmt":"2025-07-02T17:33:36","slug":"retinol-yuz-serumu","status":"publish","type":"product","link":"https:\/\/larena.online\/tr\/urun\/retinol-yuz-serumu\/","title":{"rendered":"Retinol Y\u00fcz Serumu"},"content":{"rendered":"<p>Dr. Ghosh Retinoll\u00fc Y\u00fcz Serumu<br \/>\nYa\u015flanma belirtileriyle etkili bir \u015fekilde m\u00fccadele eder!<br \/>\nRetinol serumu cilt h\u00fccrelerinin yenilenmesini uyar\u0131r ve k\u0131r\u0131\u015f\u0131kl\u0131klar\u0131 ve ince \u00e7izgileri azaltarak daha s\u0131k\u0131 ve gen\u00e7 g\u00f6r\u00fcn\u00fcml\u00fc bir cilt sa\u011flar.<\/p>\n","protected":false},"excerpt":{"rendered":"<p>Dr. Ghosh Retinoll\u00fc Y\u00fcz Serumu<br \/>\nYa\u015flanma belirtileriyle etkili bir \u015fekilde m\u00fccadele eder!<br \/>\nRetinol serumu cilt h\u00fccrelerinin yenilenmesini uyar\u0131r ve k\u0131r\u0131\u015f\u0131kl\u0131klar\u0131 ve ince \u00e7izgileri azaltarak daha s\u0131k\u0131 ve gen\u00e7 g\u00f6r\u00fcn\u00fcml\u00fc bir cilt sa\u011flar.<\/p>\n","protected":false},"featured_media":2395,"comment_status":"closed","ping_status":"closed","template":"","meta":[],"product_brand":[],"product_cat":[93,94],"product_tag":[],"class_list":{"0":"post-2756","1":"product","2":"type-product","3":"status-publish","4":"has-post-thumbnail","6":"product_cat-serumlar","7":"product_cat-yuz-bakimi","9":"first","10":"instock","11":"sale","12":"shipping-taxable","13":"purchasable","14":"product-type-simple"},"ams_default_variation_id":0,"ams_product_points_reward":[],"ams_product_discount_percentage":6.67,"ams_price_to_display":28,"ams_acf":[],"_links":{"self":[{"href":"https:\/\/larena.online\/tr\/wp-json\/wp\/v2\/product\/2756","targetHints":{"allow":["GET"]}}],"collection":[{"href":"https:\/\/larena.online\/tr\/wp-json\/wp\/v2\/product"}],"about":[{"href":"https:\/\/larena.online\/tr\/wp-json\/wp\/v2\/types\/product"}],"replies":[{"embeddable":true,"href":"https:\/\/larena.online\/tr\/wp-json\/wp\/v2\/comments?post=2756"}],"version-history":[{"count":5,"href":"https:\/\/larena.online\/tr\/wp-json\/wp\/v2\/product\/2756\/revisions"}],"predecessor-version":[{"id":2827,"href":"https:\/\/larena.online\/tr\/wp-json\/wp\/v2\/product\/2756\/revisions\/2827"}],"wp:featuredmedia":[{"embeddable":true,"href":"https:\/\/larena.online\/tr\/wp-json\/wp\/v2\/media\/2395"}],"wp:attachment":[{"href":"https:\/\/larena.online\/tr\/wp-json\/wp\/v2\/media?parent=2756"}],"wp:term":[{"taxonomy":"product_brand","embeddable":true,"href":"https:\/\/larena.online\/tr\/wp-json\/wp\/v2\/product_brand?post=2756"},{"taxonomy":"product_cat","embeddable":true,"href":"https:\/\/larena.online\/tr\/wp-json\/wp\/v2\/product_cat?post=2756"},{"taxonomy":"product_tag","embeddable":true,"href":"https:\/\/larena.online\/tr\/wp-json\/wp\/v2\/product_tag?post=2756"}],"curies":[{"name":"wp","href":"https:\/\/api.w.org\/{rel}","templated":true}]}}