{"id":2770,"date":"2025-06-20T14:06:06","date_gmt":"2025-06-20T14:06:06","guid":{"rendered":"https:\/\/larena.online\/product\/c-vitamini-serumu-2\/"},"modified":"2025-07-13T21:07:50","modified_gmt":"2025-07-13T21:07:50","slug":"c-vitamini-serumu","status":"publish","type":"product","link":"https:\/\/larena.online\/tr\/urun\/c-vitamini-serumu\/","title":{"rendered":"C Vitamini Serumu"},"content":{"rendered":"\t\t<div data-elementor-type=\"product-post\" data-elementor-id=\"2770\" class=\"elementor elementor-2770 elementor-2225\" data-elementor-post-type=\"product\">\n\t\t\t\t<div class=\"wd-negative-gap elementor-element elementor-element-1d7e1fb5 e-flex e-con-boxed e-con e-parent\" data-id=\"1d7e1fb5\" data-element_type=\"container\" data-e-type=\"container\">\n\t\t\t\t\t<div class=\"e-con-inner\">\n\t\t\t\t<div class=\"elementor-element elementor-element-42440815 color-scheme-inherit text-left elementor-widget elementor-widget-text-editor\" data-id=\"42440815\" data-element_type=\"widget\" data-e-type=\"widget\" data-widget_type=\"text-editor.default\">\n\t\t\t\t<div class=\"elementor-widget-container\">\n\t\t\t\t\t\t\t\t\t<pre id=\"tw-target-text\" class=\"tw-data-text tw-text-large tw-ta\" dir=\"ltr\" data-placeholder=\"Translation\" data-ved=\"2ahUKEwiUvoaT0_-NAxU1cfEDHYLwBwoQ3ewLegQICRAV\" aria-label=\"Translated text: Dr. Ghosh Face Serum with Vitamin C Dr. Ghosh's Vitamin C serum evens out skin tone and reduces pigmentation, giving you a natural radiance and visible freshness from the first use.\"><span class=\"Y2IQFc\" lang=\"en\">Dr. Ghosh Face Serum with Vitamin C\r\nDr. Ghosh's Vitamin C serum evens out skin tone and reduces pigmentation, giving you a natural radiance and visible freshness from the first use.<\/span><\/pre>\t\t\t\t\t\t\t\t<\/div>\n\t\t\t\t<\/div>\n\t\t\t\t\t<\/div>\n\t\t\t\t<\/div>\n\t\t\t\t<\/div>\n\t\t","protected":false},"excerpt":{"rendered":"<p><span class=\"Y2IQFc\" lang=\"en\">Dr. Ghosh&#8217;un C Vitamini serumu cilt tonunu e\u015fitler ve pigmentasyonu azalt\u0131r, ilk kullan\u0131mdan itibaren do\u011fal bir \u0131\u015f\u0131lt\u0131 ve g\u00f6zle g\u00f6r\u00fcl\u00fcr bir tazelik kazand\u0131r\u0131r.<\/p>\n<p><\/span><\/p>\n","protected":false},"featured_media":2371,"comment_status":"open","ping_status":"closed","template":"","meta":[],"product_brand":[],"product_cat":[93,94],"product_tag":[],"class_list":{"0":"post-2770","1":"product","2":"type-product","3":"status-publish","4":"has-post-thumbnail","6":"product_cat-serumlar","7":"product_cat-yuz-bakimi","9":"first","10":"instock","11":"sale","12":"shipping-taxable","13":"purchasable","14":"product-type-simple"},"ams_default_variation_id":0,"ams_product_points_reward":[],"ams_product_discount_percentage":6.67,"ams_price_to_display":28,"ams_acf":[],"_links":{"self":[{"href":"https:\/\/larena.online\/tr\/wp-json\/wp\/v2\/product\/2770","targetHints":{"allow":["GET"]}}],"collection":[{"href":"https:\/\/larena.online\/tr\/wp-json\/wp\/v2\/product"}],"about":[{"href":"https:\/\/larena.online\/tr\/wp-json\/wp\/v2\/types\/product"}],"replies":[{"embeddable":true,"href":"https:\/\/larena.online\/tr\/wp-json\/wp\/v2\/comments?post=2770"}],"version-history":[{"count":6,"href":"https:\/\/larena.online\/tr\/wp-json\/wp\/v2\/product\/2770\/revisions"}],"predecessor-version":[{"id":3362,"href":"https:\/\/larena.online\/tr\/wp-json\/wp\/v2\/product\/2770\/revisions\/3362"}],"wp:featuredmedia":[{"embeddable":true,"href":"https:\/\/larena.online\/tr\/wp-json\/wp\/v2\/media\/2371"}],"wp:attachment":[{"href":"https:\/\/larena.online\/tr\/wp-json\/wp\/v2\/media?parent=2770"}],"wp:term":[{"taxonomy":"product_brand","embeddable":true,"href":"https:\/\/larena.online\/tr\/wp-json\/wp\/v2\/product_brand?post=2770"},{"taxonomy":"product_cat","embeddable":true,"href":"https:\/\/larena.online\/tr\/wp-json\/wp\/v2\/product_cat?post=2770"},{"taxonomy":"product_tag","embeddable":true,"href":"https:\/\/larena.online\/tr\/wp-json\/wp\/v2\/product_tag?post=2770"}],"curies":[{"name":"wp","href":"https:\/\/api.w.org\/{rel}","templated":true}]}}