{"id":3105,"date":"2025-07-10T16:16:27","date_gmt":"2025-07-10T16:16:27","guid":{"rendered":"https:\/\/larena.online\/product\/argivit-smart\/"},"modified":"2025-07-12T04:47:18","modified_gmt":"2025-07-12T04:47:18","slug":"argivit-smart","status":"publish","type":"product","link":"https:\/\/larena.online\/tr\/urun\/argivit-smart\/","title":{"rendered":"Argivit Smart"},"content":{"rendered":"<p data-start=\"1342\" data-end=\"1667\">Argivit Smart, \u00e7ocuklar\u0131n sa\u011fl\u0131kl\u0131 zihinsel ve fiziksel geli\u015fimini desteklemek i\u00e7in \u00f6zel olarak form\u00fcle edilmi\u015f 150 ml\u2019lik s\u0131v\u0131 bir besin takviyesidir. Geli\u015fmi\u015f form\u00fcl\u00fc, beyin fonksiyonlar\u0131n\u0131 geli\u015ftirmeye, b\u00fcy\u00fcmeyi desteklemeye ve genel sa\u011fl\u0131\u011f\u0131 te\u015fvik etmeye y\u00f6nelik temel besin \u00f6\u011felerinin sinerjik bir kar\u0131\u015f\u0131m\u0131n\u0131 i\u00e7erir.<\/p>\n<p data-start=\"1669\" data-end=\"1704\">Temel \u0130\u00e7erikler ve Faydalar\u0131:<\/p>\n<ul data-start=\"1705\" data-end=\"2022\">\n<li data-start=\"1705\" data-end=\"1775\">\n<p data-start=\"1707\" data-end=\"1775\">Fosfatidilserin \u2013 Bili\u015fsel fonksiyonlar\u0131 ve haf\u0131zay\u0131 destekler<\/p>\n<\/li>\n<li data-start=\"1776\" data-end=\"1822\">\n<p data-start=\"1778\" data-end=\"1822\">Kolin \u2013 Beyin geli\u015fimi i\u00e7in gereklidir<\/p>\n<\/li>\n<li data-start=\"1823\" data-end=\"1915\">\n<p data-start=\"1825\" data-end=\"1915\">L-Karnitin ve L-Arjinin \u2013 Enerji seviyelerini art\u0131r\u0131r ve fiziksel b\u00fcy\u00fcmeyi destekler<\/p>\n<\/li>\n<li data-start=\"1916\" data-end=\"2022\">\n<p data-start=\"1918\" data-end=\"2022\">Vitamin ve Mineral Kompleksi \u2013 Ba\u011f\u0131\u015f\u0131kl\u0131k sistemini g\u00fc\u00e7lendirir ve dengeli beslenmeye katk\u0131 sa\u011flar<\/p>\n<\/li>\n<\/ul>\n<p data-start=\"2024\" data-end=\"2089\">\u2714 Glutensiz<br data-start=\"2035\" data-end=\"2038\" \/>\u2714 Tatland\u0131r\u0131c\u0131 i\u00e7erir (ambalajda belirtildi\u011fi gibi)<\/p>\n<p data-start=\"2091\" data-end=\"2328\">\u00dcr\u00fcn, \u00e7ocuklar\u0131n ilgisini \u00e7ekecek \u015fekilde tasarlanm\u0131\u015f renkli bir \u00e7izgi film z\u00fcrafas\u0131yla s\u00fcslenmi\u015f \u015fi\u015fede sunulmaktad\u0131r. Bu e\u011flenceli ambalaj, \u00fcr\u00fcn\u00fcn odaklanmay\u0131, sa\u011fl\u0131kl\u0131 b\u00fcy\u00fcmeyi ve zihinsel canl\u0131l\u0131\u011f\u0131 destekleme amac\u0131n\u0131 a\u00e7\u0131k\u00e7a yans\u0131t\u0131r.<\/p>\n","protected":false},"excerpt":{"rendered":"<p data-start=\"3381\" data-end=\"3538\">Argivit Smart, \u00e7ocuklar i\u00e7in haf\u0131za, odaklanma, b\u00fcy\u00fcme ve ba\u011f\u0131\u015f\u0131kl\u0131\u011f\u0131 destekleyen fosfatidilserin, kolin ve temel besinler i\u00e7eren 150 ml\u2019lik s\u0131v\u0131 takviyedir.<\/p>\n<h3 data-start=\"3540\" data-end=\"3561\"><\/h3>\n","protected":false},"featured_media":3144,"comment_status":"closed","ping_status":"closed","template":"","meta":[],"product_brand":[],"product_cat":[198],"product_tag":[],"class_list":{"0":"post-3105","1":"product","2":"type-product","3":"status-publish","4":"has-post-thumbnail","6":"product_cat-besin-takviyeleri","8":"first","9":"instock","10":"sale","11":"shipping-taxable","12":"purchasable","13":"product-type-simple"},"ams_default_variation_id":0,"ams_product_points_reward":[],"ams_product_discount_percentage":23.08,"ams_price_to_display":10,"ams_acf":[],"_links":{"self":[{"href":"https:\/\/larena.online\/tr\/wp-json\/wp\/v2\/product\/3105","targetHints":{"allow":["GET"]}}],"collection":[{"href":"https:\/\/larena.online\/tr\/wp-json\/wp\/v2\/product"}],"about":[{"href":"https:\/\/larena.online\/tr\/wp-json\/wp\/v2\/types\/product"}],"replies":[{"embeddable":true,"href":"https:\/\/larena.online\/tr\/wp-json\/wp\/v2\/comments?post=3105"}],"version-history":[{"count":6,"href":"https:\/\/larena.online\/tr\/wp-json\/wp\/v2\/product\/3105\/revisions"}],"predecessor-version":[{"id":3266,"href":"https:\/\/larena.online\/tr\/wp-json\/wp\/v2\/product\/3105\/revisions\/3266"}],"wp:featuredmedia":[{"embeddable":true,"href":"https:\/\/larena.online\/tr\/wp-json\/wp\/v2\/media\/3144"}],"wp:attachment":[{"href":"https:\/\/larena.online\/tr\/wp-json\/wp\/v2\/media?parent=3105"}],"wp:term":[{"taxonomy":"product_brand","embeddable":true,"href":"https:\/\/larena.online\/tr\/wp-json\/wp\/v2\/product_brand?post=3105"},{"taxonomy":"product_cat","embeddable":true,"href":"https:\/\/larena.online\/tr\/wp-json\/wp\/v2\/product_cat?post=3105"},{"taxonomy":"product_tag","embeddable":true,"href":"https:\/\/larena.online\/tr\/wp-json\/wp\/v2\/product_tag?post=3105"}],"curies":[{"name":"wp","href":"https:\/\/api.w.org\/{rel}","templated":true}]}}