{"id":3109,"date":"2025-07-10T16:27:33","date_gmt":"2025-07-10T16:27:33","guid":{"rendered":"https:\/\/larena.online\/product\/argivit-classic\/"},"modified":"2025-07-11T16:59:07","modified_gmt":"2025-07-11T16:59:07","slug":"argivit-klasik","status":"publish","type":"product","link":"https:\/\/larena.online\/tr\/urun\/argivit-klasik\/","title":{"rendered":"Argivit Klasik"},"content":{"rendered":"<ul>\n<li>Paket, Argivit Smart&#8217;tan biraz farkl\u0131 olan \u00e7ocuklara y\u00f6nelik bir g\u0131da takviyesi olan Argivit Classic&#8217;i kapsamaktad\u0131r.<\/li>\n<li>\n<div>Argivit Classic, \u00e7ocuklar i\u00e7in tasarlanm\u0131\u015f s\u0131v\u0131 bir besin takviyesidir. Temel besinleri sa\u011flayarak genel sa\u011fl\u0131k ve geli\u015fimi destekler. Bunlar aras\u0131nda \u015funlar yer al\u0131r:<\/div>\n<div>\u2022L-Arginin<\/div>\n<div>\u2022Multivitaminler<\/div>\n<div>\u2022\u00c7oklu mineraller<\/div>\n<div>\u2022Gl\u00fctensiz<\/div>\n<div>\u2022150 ml \u015furup<\/div>\n<div>\u2022Tatland\u0131r\u0131c\u0131 i\u00e7erir (\u00e7ocuklar i\u00e7in aromal\u0131)<\/div>\n<div><\/div>\n<div>Ambalaj\u0131nda \u200b\u200bsevimli \u00e7izgi film z\u00fcrafas\u0131 bulunan Argivit Classic, sa\u011fl\u0131kl\u0131 b\u00fcy\u00fcme, ba\u011f\u0131\u015f\u0131kl\u0131k ve enerji i\u00e7in besin deste\u011fine ihtiya\u00e7 duyan \u00e7ocuklar i\u00e7in idealdir.<\/div>\n<div><\/div>\n<\/li>\n<\/ul>\n","protected":false},"excerpt":{"rendered":"<ul>\n<li>Argivit Classic<br \/>\n\u2022 \u00c7ocuklar i\u00e7in multivitamin \u015furubu<br \/>\n\u2022 \u00c7ocuklar i\u00e7in L-Arginin takviyesi<br \/>\n\u2022 \u00c7ocuk sa\u011fl\u0131\u011f\u0131 deste\u011fi<br \/>\n\u2022 B\u00fcy\u00fcme ve geli\u015fim takviyesi<br \/>\n\u2022 \u00c7ocuklar i\u00e7in ba\u011f\u0131\u015f\u0131kl\u0131k sistemi g\u00fc\u00e7lendirici<br \/>\n\u2022 Glutensiz \u00e7ocuk vitaminleri<br \/>\n\u2022 S\u0131v\u0131 multivitamin<br \/>\n\u2022 \u00c7ocuklar i\u00e7in multimineral \u015furup<br \/>\n\u2022 \u00c7ocuklar i\u00e7in g\u00fcnl\u00fck takviye<br \/>\n\u2022 \u00c7ocuklar i\u00e7in g\u0131da takviyesi<\/li>\n<\/ul>\n","protected":false},"featured_media":3140,"comment_status":"closed","ping_status":"closed","template":"","meta":[],"product_brand":[],"product_cat":[198],"product_tag":[],"class_list":{"0":"post-3109","1":"product","2":"type-product","3":"status-publish","4":"has-post-thumbnail","6":"product_cat-besin-takviyeleri","8":"first","9":"instock","10":"sale","11":"shipping-taxable","12":"purchasable","13":"product-type-simple"},"ams_default_variation_id":0,"ams_product_points_reward":[],"ams_product_discount_percentage":23.08,"ams_price_to_display":10,"ams_acf":[],"_links":{"self":[{"href":"https:\/\/larena.online\/tr\/wp-json\/wp\/v2\/product\/3109","targetHints":{"allow":["GET"]}}],"collection":[{"href":"https:\/\/larena.online\/tr\/wp-json\/wp\/v2\/product"}],"about":[{"href":"https:\/\/larena.online\/tr\/wp-json\/wp\/v2\/types\/product"}],"replies":[{"embeddable":true,"href":"https:\/\/larena.online\/tr\/wp-json\/wp\/v2\/comments?post=3109"}],"version-history":[{"count":4,"href":"https:\/\/larena.online\/tr\/wp-json\/wp\/v2\/product\/3109\/revisions"}],"predecessor-version":[{"id":3185,"href":"https:\/\/larena.online\/tr\/wp-json\/wp\/v2\/product\/3109\/revisions\/3185"}],"wp:featuredmedia":[{"embeddable":true,"href":"https:\/\/larena.online\/tr\/wp-json\/wp\/v2\/media\/3140"}],"wp:attachment":[{"href":"https:\/\/larena.online\/tr\/wp-json\/wp\/v2\/media?parent=3109"}],"wp:term":[{"taxonomy":"product_brand","embeddable":true,"href":"https:\/\/larena.online\/tr\/wp-json\/wp\/v2\/product_brand?post=3109"},{"taxonomy":"product_cat","embeddable":true,"href":"https:\/\/larena.online\/tr\/wp-json\/wp\/v2\/product_cat?post=3109"},{"taxonomy":"product_tag","embeddable":true,"href":"https:\/\/larena.online\/tr\/wp-json\/wp\/v2\/product_tag?post=3109"}],"curies":[{"name":"wp","href":"https:\/\/api.w.org\/{rel}","templated":true}]}}