{"id":3164,"date":"2025-07-11T14:28:47","date_gmt":"2025-07-11T14:28:47","guid":{"rendered":"https:\/\/larena.online\/product\/argivit-smart-tablets\/"},"modified":"2025-07-12T04:25:22","modified_gmt":"2025-07-12T04:25:22","slug":"argivit-smart-tabletleri","status":"publish","type":"product","link":"https:\/\/larena.online\/tr\/urun\/argivit-smart-tabletleri\/","title":{"rendered":"Argivit Ak\u0131ll\u0131 Tabletler"},"content":{"rendered":"<p data-start=\"1034\" data-end=\"1455\">Argivit Smart Tabletleri, zihinsel performans\u0131 desteklemek, odaklanmay\u0131 art\u0131rmak ve haf\u0131zay\u0131 g\u00fc\u00e7lendirmek i\u00e7in geli\u015ftirilmi\u015f ileri d\u00fczey bir besin takviyesidir. \u00d6zellikle \u00f6\u011frenciler, yo\u011fun \u00e7al\u0131\u015fan profesyoneller ve zihinsel stres ya\u015fayan bireyler i\u00e7in idealdir. Form\u00fcl\u00fcnde, beyin fonksiyonlar\u0131n\u0131 g\u00fcvenli ve etkili bir \u015fekilde destekleyen temel vitaminler, amino asitler, antioksidanlar ve do\u011fal bitki \u00f6zleri yer al\u0131r.<\/p>\n<p data-start=\"1457\" data-end=\"1678\">Faydalar\u0131:<br data-start=\"1471\" data-end=\"1474\" \/>\u2022 Konsantrasyon ve dikkati art\u0131r\u0131r<br data-start=\"1508\" data-end=\"1511\" \/>\u2022 Haf\u0131za ve bili\u015fsel i\u015flevleri destekler<br data-start=\"1551\" data-end=\"1554\" \/>\u2022 Zihinsel yorgunlu\u011fu azalt\u0131r, dikkati art\u0131r\u0131r<br data-start=\"1600\" data-end=\"1603\" \/>\u2022 Beyin sa\u011fl\u0131\u011f\u0131 i\u00e7in gerekli besinler ve antioksidanlar a\u00e7\u0131s\u0131ndan zengindir<\/p>\n<p data-start=\"1680\" data-end=\"1765\">Kullan\u0131m \u015eekli:<br data-start=\"1699\" data-end=\"1702\" \/>G\u00fcnde 1 tablet yemek sonras\u0131 veya doktor \u00f6nerisine g\u00f6re al\u0131n\u0131r.<\/p>\n<p data-start=\"1767\" data-end=\"1850\">Ambalaj:<br data-start=\"1779\" data-end=\"1782\" \/>Ayl\u0131k tablet takviyesi i\u00e7erir (veya ambalajda belirtildi\u011fi \u015fekilde).<\/p>\n<hr data-start=\"1852\" data-end=\"1855\" \/>\n<h3 data-start=\"1857\" data-end=\"1888\"><\/h3>\n","protected":false},"excerpt":{"rendered":"<p>Argivit Smart, haf\u0131za, odaklanma ve zihinsel performans\u0131 destekleyen vitamin, amino asit ve antioksidanlar i\u00e7eren takviyedir. \u00d6\u011frenciler ve \u00e7al\u0131\u015fanlar i\u00e7in idealdir.<\/p>\n","protected":false},"featured_media":3254,"comment_status":"closed","ping_status":"closed","template":"","meta":[],"product_brand":[],"product_cat":[198],"product_tag":[],"class_list":{"0":"post-3164","1":"product","2":"type-product","3":"status-publish","4":"has-post-thumbnail","6":"product_cat-besin-takviyeleri","8":"first","9":"instock","10":"sale","11":"shipping-taxable","12":"purchasable","13":"product-type-simple"},"ams_default_variation_id":0,"ams_product_points_reward":[],"ams_product_discount_percentage":20,"ams_price_to_display":20,"ams_acf":[],"_links":{"self":[{"href":"https:\/\/larena.online\/tr\/wp-json\/wp\/v2\/product\/3164","targetHints":{"allow":["GET"]}}],"collection":[{"href":"https:\/\/larena.online\/tr\/wp-json\/wp\/v2\/product"}],"about":[{"href":"https:\/\/larena.online\/tr\/wp-json\/wp\/v2\/types\/product"}],"replies":[{"embeddable":true,"href":"https:\/\/larena.online\/tr\/wp-json\/wp\/v2\/comments?post=3164"}],"version-history":[{"count":4,"href":"https:\/\/larena.online\/tr\/wp-json\/wp\/v2\/product\/3164\/revisions"}],"predecessor-version":[{"id":3261,"href":"https:\/\/larena.online\/tr\/wp-json\/wp\/v2\/product\/3164\/revisions\/3261"}],"wp:featuredmedia":[{"embeddable":true,"href":"https:\/\/larena.online\/tr\/wp-json\/wp\/v2\/media\/3254"}],"wp:attachment":[{"href":"https:\/\/larena.online\/tr\/wp-json\/wp\/v2\/media?parent=3164"}],"wp:term":[{"taxonomy":"product_brand","embeddable":true,"href":"https:\/\/larena.online\/tr\/wp-json\/wp\/v2\/product_brand?post=3164"},{"taxonomy":"product_cat","embeddable":true,"href":"https:\/\/larena.online\/tr\/wp-json\/wp\/v2\/product_cat?post=3164"},{"taxonomy":"product_tag","embeddable":true,"href":"https:\/\/larena.online\/tr\/wp-json\/wp\/v2\/product_tag?post=3164"}],"curies":[{"name":"wp","href":"https:\/\/api.w.org\/{rel}","templated":true}]}}