{"id":3212,"date":"2025-07-11T17:49:51","date_gmt":"2025-07-11T17:49:51","guid":{"rendered":"https:\/\/larena.online\/?post_type=product&#038;p=3212"},"modified":"2025-07-12T14:26:38","modified_gmt":"2025-07-12T14:26:38","slug":"hhs-a1-lkarnitin-ve-lepidyum","status":"publish","type":"product","link":"https:\/\/larena.online\/tr\/urun\/hhs-a1-lkarnitin-ve-lepidyum\/","title":{"rendered":"HHS A1 L-Karnitin ve Lepidium"},"content":{"rendered":"<p data-start=\"1278\" data-end=\"1546\">HHS A1, enerji, metabolizma ve canl\u0131l\u0131\u011f\u0131 desteklemek i\u00e7in L-Karnitin ve Lepidyum (Maca k\u00f6k\u00fc) i\u00e7eren \u00fcst\u00fcn kaliteli bir takviyedir. Aktif ya\u015fam tarz\u0131na sahip bireyler i\u00e7in form\u00fcle edilmi\u015ftir. Ya\u011f yak\u0131m\u0131n\u0131, fiziksel performans\u0131 ve hormonal dengeyi do\u011fal yolla destekler.<\/p>\n<h3 data-start=\"1548\" data-end=\"1571\"><\/h3>\n","protected":false},"excerpt":{"rendered":"<p data-start=\"1572\" data-end=\"1685\">HHS A1 L-Karnitin ve Lepidyum ile enerjinizi art\u0131r\u0131n. Ya\u011f yak\u0131m\u0131, dayan\u0131kl\u0131l\u0131k ve do\u011fal denge i\u00e7in ideal takviye.<\/p>\n","protected":false},"featured_media":3267,"comment_status":"closed","ping_status":"closed","template":"","meta":[],"product_brand":[],"product_cat":[198],"product_tag":[],"class_list":{"0":"post-3212","1":"product","2":"type-product","3":"status-publish","4":"has-post-thumbnail","6":"product_cat-besin-takviyeleri","8":"first","9":"instock","10":"sale","11":"shipping-taxable","12":"purchasable","13":"product-type-simple"},"ams_default_variation_id":0,"ams_product_points_reward":[],"ams_product_discount_percentage":20,"ams_price_to_display":12,"ams_acf":[],"_links":{"self":[{"href":"https:\/\/larena.online\/tr\/wp-json\/wp\/v2\/product\/3212","targetHints":{"allow":["GET"]}}],"collection":[{"href":"https:\/\/larena.online\/tr\/wp-json\/wp\/v2\/product"}],"about":[{"href":"https:\/\/larena.online\/tr\/wp-json\/wp\/v2\/types\/product"}],"replies":[{"embeddable":true,"href":"https:\/\/larena.online\/tr\/wp-json\/wp\/v2\/comments?post=3212"}],"version-history":[{"count":3,"href":"https:\/\/larena.online\/tr\/wp-json\/wp\/v2\/product\/3212\/revisions"}],"predecessor-version":[{"id":3276,"href":"https:\/\/larena.online\/tr\/wp-json\/wp\/v2\/product\/3212\/revisions\/3276"}],"wp:featuredmedia":[{"embeddable":true,"href":"https:\/\/larena.online\/tr\/wp-json\/wp\/v2\/media\/3267"}],"wp:attachment":[{"href":"https:\/\/larena.online\/tr\/wp-json\/wp\/v2\/media?parent=3212"}],"wp:term":[{"taxonomy":"product_brand","embeddable":true,"href":"https:\/\/larena.online\/tr\/wp-json\/wp\/v2\/product_brand?post=3212"},{"taxonomy":"product_cat","embeddable":true,"href":"https:\/\/larena.online\/tr\/wp-json\/wp\/v2\/product_cat?post=3212"},{"taxonomy":"product_tag","embeddable":true,"href":"https:\/\/larena.online\/tr\/wp-json\/wp\/v2\/product_tag?post=3212"}],"curies":[{"name":"wp","href":"https:\/\/api.w.org\/{rel}","templated":true}]}}